{"id":13,"date":"2026-03-19T07:40:07","date_gmt":"2026-03-19T07:40:07","guid":{"rendered":"https:\/\/drogaswiadomosci.pl\/?page_id=13"},"modified":"2026-03-19T07:40:08","modified_gmt":"2026-03-19T07:40:08","slug":"droga-swiadomosci-emilia-teofila-nowak","status":"publish","type":"page","link":"https:\/\/drogaswiadomosci.pl\/index.php\/droga-swiadomosci-emilia-teofila-nowak\/","title":{"rendered":"Droga \u015awiadomo\u015bci. Emilia Teofila Nowak"},"content":{"rendered":"\n<div class=\"wp-block-group alignfull bg-primary-color-op-5\"><div class=\"wp-block-group__inner-container is-layout-constrained wp-block-group-is-layout-constrained\">\n<div class=\"wp-block-group alignwide has-background\" style=\"background:linear-gradient(135deg,rgb(205,168,150) 0%,rgb(245,204,129) 50%,rgb(72,220,204) 100%)\"><div class=\"wp-block-group__inner-container is-layout-constrained wp-block-group-is-layout-constrained\">\n<div class=\"wp-block-columns are-vertically-aligned-center is-layout-flex wp-container-core-columns-is-layout-2 wp-block-columns-is-layout-flex\">\n<div class=\"wp-block-column is-vertically-aligned-center tasty-mg-bt-0 is-layout-flow wp-block-column-is-layout-flow\">\n<h2 class=\"wp-block-heading shply-mg-bottom-0\" style=\"font-size:1.94em\">Ahoj. Jestem Emilia Teofila Nowak<\/h2>\n\n\n\n<p class=\"shply-mg-bottom-0 has-heading-color-color has-text-color\" style=\"font-size:1.1em;font-style:normal;font-weight:400\">Mgr psychologii (Uniwersytet SWPS w Warszawie), specjalistka ds. marketingu i kreowania wizerunku, autorka ksi\u0105\u017cek (m. in. powie\u015bci dla kobiet: <em>Hotel Aurora, Grand Hotel Granit<\/em>) i tw\u00f3rczyni internetowa. Prowadz\u0119 <a href=\"https:\/\/fabrykadygresji.pl\" data-type=\"link\" data-id=\"https:\/\/fabrykadygresji.pl\"><strong>warsztaty kreatywnego pisania<\/strong><\/a>, <strong><a href=\"https:\/\/fabrykadygresji.pl\/warsztaty-rozwoju-przez-pisanie\/\" data-type=\"link\" data-id=\"https:\/\/fabrykadygresji.pl\/warsztaty-rozwoju-przez-pisanie\/\">rozwoju przez pisanie<\/a><\/strong>, <a href=\"https:\/\/kamamuta.pl\" data-type=\"link\" data-id=\"https:\/\/kamamuta.pl\">procesy mentoringowe i szkolenia<\/a>. Wyst\u0119puj\u0119 tak\u017ce ze swoimi prelekcjami podr\u00f3\u017cniczymi na festiwalach i w miejscach kultury. <\/p>\n\n\n\n<p class=\"shply-mg-bottom-0\" style=\"font-size:1em\">Mieszkam pod li\u015bciem Paproci. Wyznaj\u0119 wiar\u0119 w wielk\u0105 tw\u00f3rc\u0119: literatur\u0119, tenis i pierogi. Jestem cz\u0142owiekiem wielu zainteresowa\u0144, uwielbiam podr\u00f3\u017cowa\u0107, nie tylko po \u015bwiecie, lecz i rubie\u017cach w\u0142asnego umys\u0142u. Witaj na stronie, kt\u00f3ra jest dedykowana tego typu podr\u00f3\u017com: zewn\u0119trznym i wewn\u0119trznym. <\/p>\n\n\n\n<p>Zapraszam do wsp\u00f3lnej przygody!<\/p>\n\n\n\n<figure class=\"wp-block-image size-full shply-mg-bottom-0\"><img loading=\"lazy\" decoding=\"async\" width=\"250\" height=\"100\" src=\"https:\/\/drogaswiadomosci.pl\/wp-content\/uploads\/2026\/03\/Emilia-Teofila.png\" alt=\"\" class=\"wp-image-16\"\/><\/figure>\n\n\n\n<div style=\"height:27px\" aria-hidden=\"true\" class=\"wp-block-spacer\"><\/div>\n\n\n\n<div class=\"wp-block-columns tasty-mg-bt-0 is-layout-flex wp-container-core-columns-is-layout-1 wp-block-columns-is-layout-flex\">\n<div class=\"wp-block-column is-vertically-aligned-top tasty-mg-bt-0 is-layout-flow wp-block-column-is-layout-flow\">\n<ul class=\"wp-block-social-links is-style-logos-only is-layout-flex wp-block-social-links-is-layout-flex\"><li class=\"wp-social-link wp-social-link-facebook  wp-block-social-link\"><a href=\"https:\/\/facebook.com\/emiliateofilaofficial\" class=\"wp-block-social-link-anchor\"><svg width=\"24\" height=\"24\" viewBox=\"0 0 24 24\" version=\"1.1\" xmlns=\"http:\/\/www.w3.org\/2000\/svg\" aria-hidden=\"true\" focusable=\"false\"><path d=\"M12 2C6.5 2 2 6.5 2 12c0 5 3.7 9.1 8.4 9.9v-7H7.9V12h2.5V9.8c0-2.5 1.5-3.9 3.8-3.9 1.1 0 2.2.2 2.2.2v2.5h-1.3c-1.2 0-1.6.8-1.6 1.6V12h2.8l-.4 2.9h-2.3v7C18.3 21.1 22 17 22 12c0-5.5-4.5-10-10-10z\"><\/path><\/svg><span class=\"wp-block-social-link-label screen-reader-text\">Facebook<\/span><\/a><\/li>\n\n<li class=\"wp-social-link wp-social-link-instagram  wp-block-social-link\"><a href=\"https:\/\/instagram.com\/emiliateofila\" class=\"wp-block-social-link-anchor\"><svg width=\"24\" height=\"24\" viewBox=\"0 0 24 24\" version=\"1.1\" xmlns=\"http:\/\/www.w3.org\/2000\/svg\" aria-hidden=\"true\" focusable=\"false\"><path d=\"M12,4.622c2.403,0,2.688,0.009,3.637,0.052c0.877,0.04,1.354,0.187,1.671,0.31c0.42,0.163,0.72,0.358,1.035,0.673 c0.315,0.315,0.51,0.615,0.673,1.035c0.123,0.317,0.27,0.794,0.31,1.671c0.043,0.949,0.052,1.234,0.052,3.637 s-0.009,2.688-0.052,3.637c-0.04,0.877-0.187,1.354-0.31,1.671c-0.163,0.42-0.358,0.72-0.673,1.035 c-0.315,0.315-0.615,0.51-1.035,0.673c-0.317,0.123-0.794,0.27-1.671,0.31c-0.949,0.043-1.233,0.052-3.637,0.052 s-2.688-0.009-3.637-0.052c-0.877-0.04-1.354-0.187-1.671-0.31c-0.42-0.163-0.72-0.358-1.035-0.673 c-0.315-0.315-0.51-0.615-0.673-1.035c-0.123-0.317-0.27-0.794-0.31-1.671C4.631,14.688,4.622,14.403,4.622,12 s0.009-2.688,0.052-3.637c0.04-0.877,0.187-1.354,0.31-1.671c0.163-0.42,0.358-0.72,0.673-1.035 c0.315-0.315,0.615-0.51,1.035-0.673c0.317-0.123,0.794-0.27,1.671-0.31C9.312,4.631,9.597,4.622,12,4.622 M12,3 C9.556,3,9.249,3.01,8.289,3.054C7.331,3.098,6.677,3.25,6.105,3.472C5.513,3.702,5.011,4.01,4.511,4.511 c-0.5,0.5-0.808,1.002-1.038,1.594C3.25,6.677,3.098,7.331,3.054,8.289C3.01,9.249,3,9.556,3,12c0,2.444,0.01,2.751,0.054,3.711 c0.044,0.958,0.196,1.612,0.418,2.185c0.23,0.592,0.538,1.094,1.038,1.594c0.5,0.5,1.002,0.808,1.594,1.038 c0.572,0.222,1.227,0.375,2.185,0.418C9.249,20.99,9.556,21,12,21s2.751-0.01,3.711-0.054c0.958-0.044,1.612-0.196,2.185-0.418 c0.592-0.23,1.094-0.538,1.594-1.038c0.5-0.5,0.808-1.002,1.038-1.594c0.222-0.572,0.375-1.227,0.418-2.185 C20.99,14.751,21,14.444,21,12s-0.01-2.751-0.054-3.711c-0.044-0.958-0.196-1.612-0.418-2.185c-0.23-0.592-0.538-1.094-1.038-1.594 c-0.5-0.5-1.002-0.808-1.594-1.038c-0.572-0.222-1.227-0.375-2.185-0.418C14.751,3.01,14.444,3,12,3L12,3z M12,7.378 c-2.552,0-4.622,2.069-4.622,4.622S9.448,16.622,12,16.622s4.622-2.069,4.622-4.622S14.552,7.378,12,7.378z M12,15 c-1.657,0-3-1.343-3-3s1.343-3,3-3s3,1.343,3,3S13.657,15,12,15z M16.804,6.116c-0.596,0-1.08,0.484-1.08,1.08 s0.484,1.08,1.08,1.08c0.596,0,1.08-0.484,1.08-1.08S17.401,6.116,16.804,6.116z\"><\/path><\/svg><span class=\"wp-block-social-link-label screen-reader-text\">Instagram<\/span><\/a><\/li>\n\n<li class=\"wp-social-link wp-social-link-pinterest  wp-block-social-link\"><a href=\"https:\/\/pl.pinterest.com\/emiliateofila\/\" class=\"wp-block-social-link-anchor\"><svg width=\"24\" height=\"24\" viewBox=\"0 0 24 24\" version=\"1.1\" xmlns=\"http:\/\/www.w3.org\/2000\/svg\" aria-hidden=\"true\" focusable=\"false\"><path d=\"M12.289,2C6.617,2,3.606,5.648,3.606,9.622c0,1.846,1.025,4.146,2.666,4.878c0.25,0.111,0.381,0.063,0.439-0.169 c0.044-0.175,0.267-1.029,0.365-1.428c0.032-0.128,0.017-0.237-0.091-0.362C6.445,11.911,6.01,10.75,6.01,9.668 c0-2.777,2.194-5.464,5.933-5.464c3.23,0,5.49,2.108,5.49,5.122c0,3.407-1.794,5.768-4.13,5.768c-1.291,0-2.257-1.021-1.948-2.277 c0.372-1.495,1.089-3.112,1.089-4.191c0-0.967-0.542-1.775-1.663-1.775c-1.319,0-2.379,1.309-2.379,3.059 c0,1.115,0.394,1.869,0.394,1.869s-1.302,5.279-1.54,6.261c-0.405,1.666,0.053,4.368,0.094,4.604 c0.021,0.126,0.167,0.169,0.25,0.063c0.129-0.165,1.699-2.419,2.142-4.051c0.158-0.59,0.817-2.995,0.817-2.995 c0.43,0.784,1.681,1.446,3.013,1.446c3.963,0,6.822-3.494,6.822-7.833C20.394,5.112,16.849,2,12.289,2\"><\/path><\/svg><span class=\"wp-block-social-link-label screen-reader-text\">Pinterest<\/span><\/a><\/li><\/ul>\n<\/div>\n<\/div>\n<\/div>\n\n\n\n<div class=\"wp-block-column is-vertically-aligned-center is-layout-flow wp-block-column-is-layout-flow\">\n<figure class=\"wp-block-image size-full\"><img loading=\"lazy\" decoding=\"async\" width=\"1024\" height=\"1536\" src=\"https:\/\/drogaswiadomosci.pl\/wp-content\/uploads\/2026\/03\/ChatGPT-Image-19-mar-2026-07_50_15.png\" alt=\"\" class=\"wp-image-15\" srcset=\"https:\/\/drogaswiadomosci.pl\/wp-content\/uploads\/2026\/03\/ChatGPT-Image-19-mar-2026-07_50_15.png 1024w, https:\/\/drogaswiadomosci.pl\/wp-content\/uploads\/2026\/03\/ChatGPT-Image-19-mar-2026-07_50_15-200x300.png 200w, https:\/\/drogaswiadomosci.pl\/wp-content\/uploads\/2026\/03\/ChatGPT-Image-19-mar-2026-07_50_15-683x1024.png 683w, https:\/\/drogaswiadomosci.pl\/wp-content\/uploads\/2026\/03\/ChatGPT-Image-19-mar-2026-07_50_15-768x1152.png 768w\" sizes=\"auto, (max-width: 1024px) 100vw, 1024px\" \/><\/figure>\n\n\n\n<p><\/p>\n<\/div>\n<\/div>\n\n\n\n<div style=\"height:95px\" aria-hidden=\"true\" class=\"wp-block-spacer tasty-mobile-height\"><\/div>\n<\/div><\/div>\n<\/div><\/div>\n\n\n\n<div class=\"wp-block-group tasty-mg-bt-0\"><div class=\"wp-block-group__inner-container is-layout-constrained wp-block-group-is-layout-constrained\">\n<div class=\"wp-block-columns tasty-mg-bt-0 is-layout-flex wp-container-core-columns-is-layout-4 wp-block-columns-is-layout-flex\">\n<div class=\"wp-block-column tasty-mg-bt-0 is-layout-flow wp-block-column-is-layout-flow\" style=\"flex-basis:100%\">\n<div class=\"wp-block-group tasty-mg-bt-0 is-content-justification-center is-nowrap is-layout-flex wp-container-core-group-is-layout-4 wp-block-group-is-layout-flex\">\n<div class=\"wp-block-columns are-vertically-aligned-top tasty-mg-bt-0 is-layout-flex wp-container-core-columns-is-layout-3 wp-block-columns-is-layout-flex\">\n<div class=\"wp-block-column is-vertically-aligned-top tasty-mg-bt-0 is-layout-flow wp-block-column-is-layout-flow\" style=\"flex-basis:100%\">\n<div class=\"wp-block-group tasty-mg-bt-0 tasty-max-width-790\"><div class=\"wp-block-group__inner-container is-layout-constrained wp-block-group-is-layout-constrained\"><div class=\"wp-block-image\">\n<figure class=\"aligncenter size-full\"><img decoding=\"async\" src=\"http:\/\/wpdeliciousdemo.com\/yummy-bites\/wp-content\/uploads\/sites\/6\/2023\/01\/quotes.png\" alt=\"\" class=\"wp-image-2614\"\/><\/figure><\/div>\n\n\n<h2 class=\"wp-block-heading has-text-align-center tasty-mg-bt-0\" style=\"font-size:1.55em\">Chc\u0119, \u017ceby \u015bwiat sta\u0142 si\u0119 cho\u0107 odrobin\u0119 lepszym miejscem. Chc\u0119 go pozna\u0107 i zrozumie\u0107, by nie musie\u0107 si\u0119 ba\u0107. Najpierw jednak musz\u0119 pozna\u0107 i zrozumie\u0107 siebie. Wtedy nic mnie nie przerazi. <\/h2>\n<\/div><\/div>\n<\/div>\n<\/div>\n<\/div>\n<\/div>\n<\/div>\n<\/div><\/div>\n\n\n\n<hr class=\"wp-block-separator has-text-color has-section-bg-color-color has-alpha-channel-opacity has-section-bg-color-background-color has-background is-style-wide\"\/>\n\n\n\n<div class=\"wp-block-group is-content-justification-center is-nowrap is-layout-flex wp-container-core-group-is-layout-7 wp-block-group-is-layout-flex\">\n<div class=\"wp-block-columns tasty-max-width-790 is-layout-flex wp-container-core-columns-is-layout-5 wp-block-columns-is-layout-flex\">\n<div class=\"wp-block-column is-layout-flow wp-block-column-is-layout-flow\">\n<div class=\"wp-block-group\"><div class=\"wp-block-group__inner-container is-layout-constrained wp-block-group-is-layout-constrained\">\n<div style=\"height:80px\" aria-hidden=\"true\" class=\"wp-block-spacer tasty-mobile-height\"><\/div>\n\n\n\n<h2 class=\"wp-block-heading has-text-align-left tasty-mg-bt-0\" style=\"font-size:1.94em\">Czym jest podcast Droga \u015awiadomo\u015bci?<\/h2>\n\n\n\n<div style=\"height:16px\" aria-hidden=\"true\" class=\"wp-block-spacer\"><\/div>\n\n\n\n<p style=\"font-size:1.11em\">Podcast Droga \u015awiadomo\u015bci jest projektem, kt\u00f3ry \u0142\u0105czy ludzi. Wypowiadaj\u0105 si\u0119 w nim wybitni w swoich dziedzinach eksperci: trenerzy, psychologowie, psychoterapeuci. A tak\u017ce ludzie, kt\u00f3rzy maj\u0105 za sob\u0105 pot\u0119\u017cne do\u015bwiadczenie i niezwyk\u0142\u0105 histori\u0119. Czasem na tapet bior\u0119 samodzielnie temat bliski mojemu sercu, by przedstawi\u0107 jego mechanizmy dzia\u0142ania. Pokazuj\u0119 zjawiska psychologiczne, w jaki spos\u00f3b dotykaj\u0105 naszego spo\u0142ecze\u0144stwa oraz t\u0142umacz\u0119, co robi\u0107 w danych sytuacjach. Moje refleksje poparte s\u0105 najnowszymi badaniami naukowymi oraz w\u0142asnymi spostrze\u017ceniami z drogi. <\/p>\n\n\n\n<p><a href=\"https:\/\/youtube.com\/playlist?list=PLXqiGVHO2vDVYbsanCUvVdaL8B8D9yAGW&amp;si=pm2jJu0YSAVZSK0Q\" data-type=\"link\" data-id=\"https:\/\/youtube.com\/playlist?list=PLXqiGVHO2vDVYbsanCUvVdaL8B8D9yAGW&amp;si=pm2jJu0YSAVZSK0Q\"><strong>Tutaj przes\u0142uchasz wszystkie odcinki na YouTube.<\/strong><\/a><\/p>\n\n\n\n<div style=\"height:56px\" aria-hidden=\"true\" class=\"wp-block-spacer\"><\/div>\n<\/div><\/div>\n<\/div>\n<\/div>\n<\/div>\n\n\n\n<div class=\"wp-block-columns tasty-mg-bt-0 is-layout-flex wp-container-core-columns-is-layout-6 wp-block-columns-is-layout-flex\">\n<div class=\"wp-block-column tasty-mg-bt-0 is-layout-flow wp-block-column-is-layout-flow\">\n<figure class=\"wp-block-image size-full tasty-mg-bt-0\"><img loading=\"lazy\" decoding=\"async\" width=\"675\" height=\"844\" src=\"https:\/\/drogaswiadomosci.pl\/wp-content\/uploads\/2026\/03\/2.png\" alt=\"\" class=\"wp-image-17\" srcset=\"https:\/\/drogaswiadomosci.pl\/wp-content\/uploads\/2026\/03\/2.png 675w, https:\/\/drogaswiadomosci.pl\/wp-content\/uploads\/2026\/03\/2-240x300.png 240w\" sizes=\"auto, (max-width: 675px) 100vw, 675px\" \/><\/figure>\n<\/div>\n\n\n\n<div class=\"wp-block-column tasty-mg-bt-0 is-layout-flow wp-block-column-is-layout-flow\">\n<figure class=\"wp-block-image size-full tasty-mg-bt-0\"><img loading=\"lazy\" decoding=\"async\" width=\"675\" height=\"844\" src=\"https:\/\/drogaswiadomosci.pl\/wp-content\/uploads\/2026\/03\/1-1.png\" alt=\"\" class=\"wp-image-18\" srcset=\"https:\/\/drogaswiadomosci.pl\/wp-content\/uploads\/2026\/03\/1-1.png 675w, https:\/\/drogaswiadomosci.pl\/wp-content\/uploads\/2026\/03\/1-1-240x300.png 240w\" sizes=\"auto, (max-width: 675px) 100vw, 675px\" \/><\/figure>\n<\/div>\n\n\n\n<div class=\"wp-block-column tasty-mg-bt-0 is-layout-flow wp-block-column-is-layout-flow\">\n<figure class=\"wp-block-image size-full tasty-mg-bt-0\"><img loading=\"lazy\" decoding=\"async\" width=\"675\" height=\"844\" src=\"http:\/\/drogaswiadomosci.pl\/wp-content\/uploads\/2026\/03\/3.png\" alt=\"\" class=\"wp-image-19\" srcset=\"https:\/\/drogaswiadomosci.pl\/wp-content\/uploads\/2026\/03\/3.png 675w, https:\/\/drogaswiadomosci.pl\/wp-content\/uploads\/2026\/03\/3-240x300.png 240w\" sizes=\"auto, (max-width: 675px) 100vw, 675px\" \/><\/figure>\n<\/div>\n<\/div>\n\n\n\n<div class=\"wp-block-group is-content-justification-center is-nowrap is-layout-flex wp-container-core-group-is-layout-8 wp-block-group-is-layout-flex\">\n<div class=\"wp-block-columns is-layout-flex wp-container-core-columns-is-layout-7 wp-block-columns-is-layout-flex\">\n<div class=\"wp-block-column tasty-max-width-790 is-layout-flow wp-block-column-is-layout-flow\">\n<div style=\"height:80px\" aria-hidden=\"true\" class=\"wp-block-spacer tasty-mobile-height\"><\/div>\n\n\n\n<h2 class=\"wp-block-heading\" style=\"font-size:1.94em\">Wsp\u00f3\u0142praca<\/h2>\n\n\n\n<p style=\"font-size:1.11em\">Interesuje Ci\u0119 wsp\u00f3\u0142praca z blogiem podr\u00f3\u017cniczym, blogiem o rozwoju osobistym lub na Instagramie albo YouTube?<\/p>\n\n\n\n<p>A mo\u017ce chcesz zaprosi\u0107 mnie do swojej biblioteki, domu kultury, firmy czy na wydarzenie? Moje prelekcje i warsztaty pisarskie spotykaj\u0105 si\u0119 z serdeczno\u015bci\u0105 odbiorc\u00f3w. Ka\u017cde wyst\u0105pienie dostosowuj\u0119 do indywidualnych potrzeb uczestnik\u00f3w. <\/p>\n\n\n\n<p style=\"font-size:1.11em\">Je\u015bli chcesz ze mn\u0105 wsp\u00f3\u0142pracowa\u0107, mo\u017cesz wys\u0142a\u0107 mi e-mail na adres kontakt@fabrykadygresji.pl.<\/p>\n\n\n\n<p>Napisz, jakie s\u0105 Twoje potrzeby i propozycja biznesowa, a ja si\u0119 do niej szybko ustosunkuj\u0119. <\/p>\n<\/div>\n<\/div>\n<\/div>\n\n\n\n<p><\/p>\n","protected":false},"excerpt":{"rendered":"<p>Ahoj. Jestem Emilia Teofila Nowak Mgr psychologii (Uniwersytet SWPS w Warszawie), specjalistka ds. marketingu i kreowania wizerunku, autorka ksi\u0105\u017cek (m. &hellip; <\/p>\n","protected":false},"author":1,"featured_media":0,"parent":0,"menu_order":0,"comment_status":"closed","ping_status":"closed","template":"","meta":{"footnotes":""},"class_list":["post-13","page","type-page","status-publish","hentry"],"_links":{"self":[{"href":"https:\/\/drogaswiadomosci.pl\/index.php\/wp-json\/wp\/v2\/pages\/13","targetHints":{"allow":["GET"]}}],"collection":[{"href":"https:\/\/drogaswiadomosci.pl\/index.php\/wp-json\/wp\/v2\/pages"}],"about":[{"href":"https:\/\/drogaswiadomosci.pl\/index.php\/wp-json\/wp\/v2\/types\/page"}],"author":[{"embeddable":true,"href":"https:\/\/drogaswiadomosci.pl\/index.php\/wp-json\/wp\/v2\/users\/1"}],"replies":[{"embeddable":true,"href":"https:\/\/drogaswiadomosci.pl\/index.php\/wp-json\/wp\/v2\/comments?post=13"}],"version-history":[{"count":1,"href":"https:\/\/drogaswiadomosci.pl\/index.php\/wp-json\/wp\/v2\/pages\/13\/revisions"}],"predecessor-version":[{"id":27,"href":"https:\/\/drogaswiadomosci.pl\/index.php\/wp-json\/wp\/v2\/pages\/13\/revisions\/27"}],"wp:attachment":[{"href":"https:\/\/drogaswiadomosci.pl\/index.php\/wp-json\/wp\/v2\/media?parent=13"}],"curies":[{"name":"wp","href":"https:\/\/api.w.org\/{rel}","templated":true}]}}